{"id":5,"date":"2014-11-13T12:01:09","date_gmt":"2014-11-13T11:01:09","guid":{"rendered":"http:\/\/www.agprojekt.com\/?page_id=5"},"modified":"2014-11-13T12:01:09","modified_gmt":"2014-11-13T11:01:09","slug":"o-firmie","status":"publish","type":"page","link":"http:\/\/www.agprojekt.com\/","title":{"rendered":"O firmie"},"content":{"rendered":"<p>Firma <strong>AG PROJEKT<\/strong><\/p>\n<p>zajmuje si\u0119 dzia\u0142alno\u015bci\u0105 z zakresu:<\/p>\n<ul>\n<li>wykonywania projekt\u00f3w architektoniczno-budowlanych (budownictwo mieszkalne, us\u0142ugowe, zagrodowe)<\/li>\n<li>opracowywania projekt\u00f3w zagospodarowania dzia\u0142ek (teren\u00f3w)<\/li>\n<li>adaptacji projekt\u00f3w powtarzalnych<\/li>\n<li>prowadzenie inwestycji budowlanych w zakresie ich obs\u0142ugi merytorycznej i formalnej<\/li>\n<li>doradztwa inwestycyjnego w zakresie prowadzenia inwestycji i wyboru technologii budowlanych<\/li>\n<li>nadzoru inwestorskiego nad prowadzonymi robotami budowlanymi<\/li>\n<li>przegl\u0105d\u00f3w budowlanych wszelkich obiekt\u00f3w<\/li>\n<li>kosztorysowania<\/li>\n<li>wykonywania certyfikat\u00f3w energetycznych (\u015bwiadectwa energetyczne)<\/li>\n<li>kompleksowej obs\u0142ugi inwestycyjnej (od przygotowywania wniosk\u00f3w o ustalenie warunk\u00f3w zabudowy do uzyskania pozwolenia na u\u017cytkowanie b\u0105d\u017a zg\u0142oszenia do u\u017cytkowania)<\/li>\n<\/ul>\n","protected":false},"excerpt":{"rendered":"<p>Firma AG PROJEKT zajmuje si\u0119 dzia\u0142alno\u015bci\u0105 z zakresu: wykonywania projekt\u00f3w architektoniczno-budowlanych (budownictwo mieszkalne, us\u0142ugowe, zagrodowe) opracowywania projekt\u00f3w zagospodarowania dzia\u0142ek (teren\u00f3w) adaptacji projekt\u00f3w powtarzalnych prowadzenie inwestycji budowlanych w zakresie ich obs\u0142ugi merytorycznej i formalnej doradztwa inwestycyjnego w zakresie prowadzenia inwestycji i wyboru technologii budowlanych nadzoru inwestorskiego nad prowadzonymi robotami budowlanymi przegl\u0105d\u00f3w budowlanych wszelkich obiekt\u00f3w kosztorysowania wykonywania [&hellip;]<\/p>\n","protected":false},"author":1,"featured_media":0,"parent":0,"menu_order":0,"comment_status":"closed","ping_status":"open","template":"","meta":[],"_links":{"self":[{"href":"http:\/\/www.agprojekt.com\/index.php?rest_route=\/wp\/v2\/pages\/5"}],"collection":[{"href":"http:\/\/www.agprojekt.com\/index.php?rest_route=\/wp\/v2\/pages"}],"about":[{"href":"http:\/\/www.agprojekt.com\/index.php?rest_route=\/wp\/v2\/types\/page"}],"author":[{"embeddable":true,"href":"http:\/\/www.agprojekt.com\/index.php?rest_route=\/wp\/v2\/users\/1"}],"replies":[{"embeddable":true,"href":"http:\/\/www.agprojekt.com\/index.php?rest_route=%2Fwp%2Fv2%2Fcomments&post=5"}],"version-history":[{"count":1,"href":"http:\/\/www.agprojekt.com\/index.php?rest_route=\/wp\/v2\/pages\/5\/revisions"}],"predecessor-version":[{"id":6,"href":"http:\/\/www.agprojekt.com\/index.php?rest_route=\/wp\/v2\/pages\/5\/revisions\/6"}],"wp:attachment":[{"href":"http:\/\/www.agprojekt.com\/index.php?rest_route=%2Fwp%2Fv2%2Fmedia&parent=5"}],"curies":[{"name":"wp","href":"https:\/\/api.w.org\/{rel}","templated":true}]}}